{"id":758,"date":"2024-11-25T14:39:13","date_gmt":"2024-11-25T14:39:13","guid":{"rendered":"https:\/\/umbrellacitylines.de\/\/?page_id=758"},"modified":"2025-01-06T11:09:29","modified_gmt":"2025-01-06T11:09:29","slug":"op","status":"publish","type":"page","link":"https:\/\/umbrellacitylines.de\/cs\/op\/","title":{"rendered":"V\u0161eobecn\u00e9 obchodn\u00ed podm\u00ednky pro pron\u00e1jem autobusov\u00e9 dopravy."},"content":{"rendered":"\n<p>Smluvn\u00ed podm\u00ednky spole\u010dnosti Umbrella City Lines GmbH pro pron\u00e1jem autobus\u016f.<\/p>\n\n<p><\/p>\n","protected":false},"excerpt":{"rendered":"<p>Smluvn\u00ed podm\u00ednky spole\u010dnosti Umbrella City Lines GmbH pro pron\u00e1jem autobus\u016f.<\/p>\n","protected":false},"author":7,"featured_media":0,"parent":0,"menu_order":0,"comment_status":"closed","ping_status":"closed","template":"template-gdpr.php","meta":{"_acf_changed":false,"footnotes":""},"class_list":["post-758","page","type-page","status-publish","hentry"],"acf":[],"yoast_head":"<!-- This site is optimized with the Yoast SEO plugin v26.6 - https:\/\/yoast.com\/wordpress\/plugins\/seo\/ -->\n<title>V\u0161eobecn\u00e9 obchodn\u00ed podm\u00ednky pro pron\u00e1jem autobusov\u00e9 dopravy. - Umbrella City Lines<\/title>\n<meta name=\"description\" content=\"Informujte se o v\u0161eobecn\u00fdch obchodn\u00edch podm\u00ednk\u00e1ch spole\u010dnosti Umbrella City Lines GmbH. Zjist\u011bte v\u0161e d\u016fle\u017eit\u00e9 o na\u0161ich p\u0159epravn\u00edch podm\u00ednk\u00e1ch a pr\u00e1vn\u00edch z\u00e1kladech.\" \/>\n<meta name=\"robots\" content=\"index, follow, max-snippet:-1, max-image-preview:large, max-video-preview:-1\" \/>\n<link rel=\"canonical\" href=\"https:\/\/umbrellacitylines.de\/cs\/op\/\" \/>\n<meta property=\"og:locale\" content=\"cs_CZ\" \/>\n<meta property=\"og:type\" content=\"article\" \/>\n<meta property=\"og:title\" content=\"V\u0161eobecn\u00e9 obchodn\u00ed podm\u00ednky pro pron\u00e1jem autobusov\u00e9 dopravy. - Umbrella City Lines\" \/>\n<meta property=\"og:description\" content=\"Informujte se o v\u0161eobecn\u00fdch obchodn\u00edch podm\u00ednk\u00e1ch spole\u010dnosti Umbrella City Lines GmbH. Zjist\u011bte v\u0161e d\u016fle\u017eit\u00e9 o na\u0161ich p\u0159epravn\u00edch podm\u00ednk\u00e1ch a pr\u00e1vn\u00edch z\u00e1kladech.\" \/>\n<meta property=\"og:url\" content=\"https:\/\/umbrellacitylines.de\/cs\/op\/\" \/>\n<meta property=\"og:site_name\" content=\"Umbrella City Lines\" \/>\n<meta property=\"article:modified_time\" content=\"2025-01-06T11:09:29+00:00\" \/>\n<meta name=\"twitter:card\" content=\"summary_large_image\" \/>\n<meta name=\"twitter:label1\" content=\"Odhadovan\u00e1 doba \u010dten\u00ed\" \/>\n\t<meta name=\"twitter:data1\" content=\"1 minuta\" \/>\n<script type=\"application\/ld+json\" class=\"yoast-schema-graph\">{\"@context\":\"https:\/\/schema.org\",\"@graph\":[{\"@type\":\"WebPage\",\"@id\":\"https:\/\/umbrellacitylines.de\/cs\/op\/\",\"url\":\"https:\/\/umbrellacitylines.de\/cs\/op\/\",\"name\":\"V\u0161eobecn\u00e9 obchodn\u00ed podm\u00ednky pro pron\u00e1jem autobusov\u00e9 dopravy. - Umbrella City Lines\",\"isPartOf\":{\"@id\":\"https:\/\/umbrellacitylines.de\/#website\"},\"datePublished\":\"2024-11-25T14:39:13+00:00\",\"dateModified\":\"2025-01-06T11:09:29+00:00\",\"description\":\"Informujte se o v\u0161eobecn\u00fdch obchodn\u00edch podm\u00ednk\u00e1ch spole\u010dnosti Umbrella City Lines GmbH. Zjist\u011bte v\u0161e d\u016fle\u017eit\u00e9 o na\u0161ich p\u0159epravn\u00edch podm\u00ednk\u00e1ch a pr\u00e1vn\u00edch z\u00e1kladech.\",\"breadcrumb\":{\"@id\":\"https:\/\/umbrellacitylines.de\/cs\/op\/#breadcrumb\"},\"inLanguage\":\"cs\",\"potentialAction\":[{\"@type\":\"ReadAction\",\"target\":[\"https:\/\/umbrellacitylines.de\/cs\/op\/\"]}]},{\"@type\":\"BreadcrumbList\",\"@id\":\"https:\/\/umbrellacitylines.de\/cs\/op\/#breadcrumb\",\"itemListElement\":[{\"@type\":\"ListItem\",\"position\":1,\"name\":\"Startseite\",\"item\":\"https:\/\/umbrellacitylines.de\/cs\/\"},{\"@type\":\"ListItem\",\"position\":2,\"name\":\"V\u0161eobecn\u00e9 obchodn\u00ed podm\u00ednky pro pron\u00e1jem autobusov\u00e9 dopravy.\"}]},{\"@type\":\"WebSite\",\"@id\":\"https:\/\/umbrellacitylines.de\/#website\",\"url\":\"https:\/\/umbrellacitylines.de\/\",\"name\":\"Umbrella City Lines\",\"description\":\"\",\"potentialAction\":[{\"@type\":\"SearchAction\",\"target\":{\"@type\":\"EntryPoint\",\"urlTemplate\":\"https:\/\/umbrellacitylines.de\/?s={search_term_string}\"},\"query-input\":{\"@type\":\"PropertyValueSpecification\",\"valueRequired\":true,\"valueName\":\"search_term_string\"}}],\"inLanguage\":\"cs\"}]}<\/script>\n<!-- \/ Yoast SEO plugin. -->","yoast_head_json":{"title":"V\u0161eobecn\u00e9 obchodn\u00ed podm\u00ednky pro pron\u00e1jem autobusov\u00e9 dopravy. - Umbrella City Lines","description":"Informujte se o v\u0161eobecn\u00fdch obchodn\u00edch podm\u00ednk\u00e1ch spole\u010dnosti Umbrella City Lines GmbH. Zjist\u011bte v\u0161e d\u016fle\u017eit\u00e9 o na\u0161ich p\u0159epravn\u00edch podm\u00ednk\u00e1ch a pr\u00e1vn\u00edch z\u00e1kladech.","robots":{"index":"index","follow":"follow","max-snippet":"max-snippet:-1","max-image-preview":"max-image-preview:large","max-video-preview":"max-video-preview:-1"},"canonical":"https:\/\/umbrellacitylines.de\/cs\/op\/","og_locale":"cs_CZ","og_type":"article","og_title":"V\u0161eobecn\u00e9 obchodn\u00ed podm\u00ednky pro pron\u00e1jem autobusov\u00e9 dopravy. - Umbrella City Lines","og_description":"Informujte se o v\u0161eobecn\u00fdch obchodn\u00edch podm\u00ednk\u00e1ch spole\u010dnosti Umbrella City Lines GmbH. Zjist\u011bte v\u0161e d\u016fle\u017eit\u00e9 o na\u0161ich p\u0159epravn\u00edch podm\u00ednk\u00e1ch a pr\u00e1vn\u00edch z\u00e1kladech.","og_url":"https:\/\/umbrellacitylines.de\/cs\/op\/","og_site_name":"Umbrella City Lines","article_modified_time":"2025-01-06T11:09:29+00:00","twitter_card":"summary_large_image","twitter_misc":{"Odhadovan\u00e1 doba \u010dten\u00ed":"1 minuta"},"schema":{"@context":"https:\/\/schema.org","@graph":[{"@type":"WebPage","@id":"https:\/\/umbrellacitylines.de\/cs\/op\/","url":"https:\/\/umbrellacitylines.de\/cs\/op\/","name":"V\u0161eobecn\u00e9 obchodn\u00ed podm\u00ednky pro pron\u00e1jem autobusov\u00e9 dopravy. - Umbrella City Lines","isPartOf":{"@id":"https:\/\/umbrellacitylines.de\/#website"},"datePublished":"2024-11-25T14:39:13+00:00","dateModified":"2025-01-06T11:09:29+00:00","description":"Informujte se o v\u0161eobecn\u00fdch obchodn\u00edch podm\u00ednk\u00e1ch spole\u010dnosti Umbrella City Lines GmbH. Zjist\u011bte v\u0161e d\u016fle\u017eit\u00e9 o na\u0161ich p\u0159epravn\u00edch podm\u00ednk\u00e1ch a pr\u00e1vn\u00edch z\u00e1kladech.","breadcrumb":{"@id":"https:\/\/umbrellacitylines.de\/cs\/op\/#breadcrumb"},"inLanguage":"cs","potentialAction":[{"@type":"ReadAction","target":["https:\/\/umbrellacitylines.de\/cs\/op\/"]}]},{"@type":"BreadcrumbList","@id":"https:\/\/umbrellacitylines.de\/cs\/op\/#breadcrumb","itemListElement":[{"@type":"ListItem","position":1,"name":"Startseite","item":"https:\/\/umbrellacitylines.de\/cs\/"},{"@type":"ListItem","position":2,"name":"V\u0161eobecn\u00e9 obchodn\u00ed podm\u00ednky pro pron\u00e1jem autobusov\u00e9 dopravy."}]},{"@type":"WebSite","@id":"https:\/\/umbrellacitylines.de\/#website","url":"https:\/\/umbrellacitylines.de\/","name":"Umbrella City Lines","description":"","potentialAction":[{"@type":"SearchAction","target":{"@type":"EntryPoint","urlTemplate":"https:\/\/umbrellacitylines.de\/?s={search_term_string}"},"query-input":{"@type":"PropertyValueSpecification","valueRequired":true,"valueName":"search_term_string"}}],"inLanguage":"cs"}]}},"_links":{"self":[{"href":"https:\/\/umbrellacitylines.de\/cs\/wp-json\/wp\/v2\/pages\/758","targetHints":{"allow":["GET"]}}],"collection":[{"href":"https:\/\/umbrellacitylines.de\/cs\/wp-json\/wp\/v2\/pages"}],"about":[{"href":"https:\/\/umbrellacitylines.de\/cs\/wp-json\/wp\/v2\/types\/page"}],"author":[{"embeddable":true,"href":"https:\/\/umbrellacitylines.de\/cs\/wp-json\/wp\/v2\/users\/7"}],"replies":[{"embeddable":true,"href":"https:\/\/umbrellacitylines.de\/cs\/wp-json\/wp\/v2\/comments?post=758"}],"version-history":[{"count":6,"href":"https:\/\/umbrellacitylines.de\/cs\/wp-json\/wp\/v2\/pages\/758\/revisions"}],"predecessor-version":[{"id":832,"href":"https:\/\/umbrellacitylines.de\/cs\/wp-json\/wp\/v2\/pages\/758\/revisions\/832"}],"wp:attachment":[{"href":"https:\/\/umbrellacitylines.de\/cs\/wp-json\/wp\/v2\/media?parent=758"}],"curies":[{"name":"wp","href":"https:\/\/api.w.org\/{rel}","templated":true}]}}